{"id":4086,"date":"2025-11-04T16:18:23","date_gmt":"2025-11-04T16:18:23","guid":{"rendered":"https:\/\/eurotogether.com\/?page_id=4086"},"modified":"2025-11-04T17:25:22","modified_gmt":"2025-11-04T17:25:22","slug":"onderwijs-voor-duurzaamheid-en-klimaatbewustzijn","status":"publish","type":"page","link":"https:\/\/eurotogether.com\/nl\/onderwijs-voor-duurzaamheid-en-klimaatbewustzijn\/","title":{"rendered":"Onderwijs voor duurzaamheid en klimaatbewustzijn"},"content":{"rendered":"<div data-elementor-type=\"wp-page\" data-elementor-id=\"4086\" class=\"elementor elementor-4086\" data-elementor-post-type=\"page\">\n\t\t\t\t<div class=\"elementor-element elementor-element-091da49 e-flex e-con-boxed e-con e-parent\" data-id=\"091da49\" data-element_type=\"container\" data-e-type=\"container\">\n\t\t\t\t\t<div class=\"e-con-inner\">\n\t\t<div class=\"elementor-element elementor-element-e7ab2e6 e-con-full e-flex e-con e-child\" data-id=\"e7ab2e6\" data-element_type=\"container\" data-e-type=\"container\">\n\t\t\t\t<div class=\"elementor-element elementor-element-6af28b0 elementor-widget elementor-widget-envolve_portfolio_details\" data-id=\"6af28b0\" data-element_type=\"widget\" data-e-type=\"widget\" data-widget_type=\"envolve_portfolio_details.default\">\n\t\t\t\t<div class=\"elementor-widget-container\">\n\t\t\t\t\t        \r\n        <!-- Projects Details -->\r\n        <section class=\"project-details\">\r\n            <div class=\"auto-container\">\r\n                <div class=\"top-box\">\r\n                    <div class=\"row\">\r\n                        <div class=\"col-lg-6\">\r\n                            <div class=\"row\">\r\n                                <div class=\"col-md-6\">\r\n                                    <h2>Onderwijs voor duurzaamheid en klimaatbewustzijn<\/h2>\r\n                                <\/div>\r\n                                <div class=\"col-md-6\">\r\n                                    <div class=\"project-info-wrapper\">\r\n                                                                                <div class=\"project-info\">\r\n                                            <p>Categorie:<\/p>\r\n                                            <h5>Groen Erasmus+\n<\/h5>\r\n                                        <\/div>\r\n                                                                                <div class=\"project-info\">\r\n                                            <p>Duur:<\/p>\r\n                                            <h5>5 tot 7 dagen\n<\/h5>\r\n                                        <\/div>\r\n                                                                                <div class=\"project-info\">\r\n                                            <p>Plaats:<\/p>\r\n                                            <h5>Haarlem | Nederland\n<\/h5>\r\n                                        <\/div>\r\n                                                                                \r\n                                                                            <\/div>\r\n                                <\/div>\r\n                            <\/div>\r\n                        <\/div>\r\n                        <div class=\"col-lg-6\">\r\n                            <h4>Cursusbeschrijving:<\/h4>\r\n                            <div class=\"text\">\r\n                                Deze Erasmus+-cursus is bedoeld voor leerkrachten, schoolleiders en onderwijsprofessionals die duurzaamheid en klimaatbewustzijn willen integreren in hun schoolcultuur en onderwijspraktijk.\nDoor middel van een combinatie van workshops, veldbezoeken en samenwerkingsprojecten zullen deelnemers onderzoeken hoe onderwijs positieve veranderingen op milieugebied kan stimuleren en leerlingen kan inspireren om actief verantwoordelijkheid te nemen voor de planeet.<br><br>\n\nNederland, bekend om zijn innovatieve milieubeleid, groene infrastructuur en hoge onderwijsniveaus, biedt de perfecte leeromgeving voor docenten die op zoek zijn naar praktische, realistische oplossingen.\nDeelnemers bezoeken milieuvriendelijke scholen, duurzame gemeenschapsprojecten en stedelijke initiatieven in Haarlem en Amsterdam om te zien hoe \u2018groen denken\u2019 onderdeel kan worden van het dagelijks leven.<br><br>\n\nAan het einde van de cursus ontwerpt elke deelnemer een duurzaamheidsactieplan op maat van zijn of haar instelling, zodat er ook na de mobiliteitsperiode een langetermijneffect blijft bestaan.\n                            <\/div>\r\n                            <div class=\"link-btn\"><a href=\"#\" class=\"theme-btn btn-style-one\"><span class=\"btn-title\">Send email for more information<\/span><\/a><\/div>\r\n                        <\/div>\r\n                    <\/div>\r\n                <\/div>\r\n                <div class=\"image-box\">\r\n                    <div class=\"row\">\r\n                        <div class=\"col-lg-6\">\r\n                            <div class=\"image mb-30\"><img decoding=\"async\" src=\"https:\/\/eurotogether.com\/wp-content\/uploads\/2025\/11\/Education-for-Sustainability-and-Climate-Awareness_1.webp\" alt=\"Awesome Image\"><\/div>\r\n                        <\/div>\r\n                        <div class=\"col-lg-6\">\r\n                            <div class=\"image mb-30\"><img decoding=\"async\" src=\"https:\/\/eurotogether.com\/wp-content\/uploads\/2025\/11\/Education-for-Sustainability-and-Climate-Awareness.webp\" alt=\"Awesome Image\"><\/div>\r\n                        <\/div>\r\n                    <\/div>\r\n                <\/div>\r\n            <\/div>\r\n        <\/section>\r\n        \r\n\t\t\t\t\t\t<\/div>\n\t\t\t\t<\/div>\n\t\t\t\t<div class=\"elementor-element elementor-element-bdd75f0 elementor-widget elementor-widget-heading\" data-id=\"bdd75f0\" data-element_type=\"widget\" data-e-type=\"widget\" data-widget_type=\"heading.default\">\n\t\t\t\t\t<h2 class=\"elementor-heading-title elementor-size-default\">Integratie van de EU Green Deal in het onderwijs: strategie\u00ebn, Nederlandse best practices en het opbouwen van toekomstige Erasmus+ Green Partnerships<\/h2>\t\t\t\t<\/div>\n\t\t\t\t<\/div>\n\t\t\t\t\t<\/div>\n\t\t\t\t<\/div>\n\t\t<div class=\"elementor-element elementor-element-8939ed8 e-con-full e-flex e-con e-parent\" data-id=\"8939ed8\" data-element_type=\"container\" data-e-type=\"container\">\n\t\t<div class=\"elementor-element elementor-element-f4b7bff e-flex e-con-boxed e-con e-child\" data-id=\"f4b7bff\" data-element_type=\"container\" data-e-type=\"container\">\n\t\t\t\t\t<div class=\"e-con-inner\">\n\t\t\t\t<div class=\"elementor-element elementor-element-aeca8a8 elementor-view-stacked elementor-position-inline-start elementor-shape-circle elementor-mobile-position-block-start elementor-widget elementor-widget-icon-box\" data-id=\"aeca8a8\" data-element_type=\"widget\" data-e-type=\"widget\" data-widget_type=\"icon-box.default\">\n\t\t\t\t\t\t\t<div class=\"elementor-icon-box-wrapper\">\n\n\t\t\t\t\t\t<div class=\"elementor-icon-box-icon\">\n\t\t\t\t<span  class=\"elementor-icon\">\n\t\t\t\t<svg aria-hidden=\"true\" class=\"e-font-icon-svg e-fas-check\" viewbox=\"0 0 512 512\" xmlns=\"http:\/\/www.w3.org\/2000\/svg\"><path d=\"M173.898 439.404l-166.4-166.4c-9.997-9.997-9.997-26.206 0-36.204l36.203-36.204c9.997-9.998 26.207-9.998 36.204 0L192 312.69 432.095 72.596c9.997-9.997 26.207-9.997 36.204 0l36.203 36.204c9.997 9.997 9.997 26.206 0 36.204l-294.4 294.401c-9.998 9.997-26.207 9.997-36.204-.001z\"><\/path><\/svg>\t\t\t\t<\/span>\n\t\t\t<\/div>\n\t\t\t\n\t\t\t\t\t\t<div class=\"elementor-icon-box-content\">\n\n\t\t\t\t\t\t\t\t\t<h3 class=\"elementor-icon-box-title\">\n\t\t\t\t\t\t<span  >\n\t\t\t\t\t\t\tDe Europese Green Deal integreren in de onderwijspraktijk\t\t\t\t\t\t<\/span>\n\t\t\t\t\t<\/h3>\n\t\t\t\t\n\t\t\t\t\t\t\t\t\t<p class=\"elementor-icon-box-description\">\n\t\t\t\t\t\tKrijg een diepgaand inzicht in hoe de prioriteiten van de Europese Green Deal en Erasmus+ worden vertaald naar de onderwijssector. Leer hoe je schoolstrategie\u00ebn, leerplannen en buitenschoolse projecten kunt afstemmen op de Europese duurzaamheidsdoelstellingen (energie-effici\u00ebntie, circulaire economie, biodiversiteit en sociaal bewustzijn).\n\n\t\t\t\t\t<\/p>\n\t\t\t\t\n\t\t\t<\/div>\n\t\t\t\n\t\t<\/div>\n\t\t\t\t\t\t<\/div>\n\t\t\t\t\t<\/div>\n\t\t\t\t<\/div>\n\t\t<div class=\"elementor-element elementor-element-09ea8e5 e-flex e-con-boxed e-con e-child\" data-id=\"09ea8e5\" data-element_type=\"container\" data-e-type=\"container\">\n\t\t\t\t\t<div class=\"e-con-inner\">\n\t\t\t\t<div class=\"elementor-element elementor-element-6172e0d elementor-view-stacked elementor-position-inline-start elementor-shape-circle elementor-mobile-position-block-start elementor-widget elementor-widget-icon-box\" data-id=\"6172e0d\" data-element_type=\"widget\" data-e-type=\"widget\" data-widget_type=\"icon-box.default\">\n\t\t\t\t\t\t\t<div class=\"elementor-icon-box-wrapper\">\n\n\t\t\t\t\t\t<div class=\"elementor-icon-box-icon\">\n\t\t\t\t<span  class=\"elementor-icon\">\n\t\t\t\t<svg aria-hidden=\"true\" class=\"e-font-icon-svg e-fas-check\" viewbox=\"0 0 512 512\" xmlns=\"http:\/\/www.w3.org\/2000\/svg\"><path d=\"M173.898 439.404l-166.4-166.4c-9.997-9.997-9.997-26.206 0-36.204l36.203-36.204c9.997-9.998 26.207-9.998 36.204 0L192 312.69 432.095 72.596c9.997-9.997 26.207-9.997 36.204 0l36.203 36.204c9.997 9.997 9.997 26.206 0 36.204l-294.4 294.401c-9.998 9.997-26.207 9.997-36.204-.001z\"><\/path><\/svg>\t\t\t\t<\/span>\n\t\t\t<\/div>\n\t\t\t\n\t\t\t\t\t\t<div class=\"elementor-icon-box-content\">\n\n\t\t\t\t\t\t\t\t\t<h3 class=\"elementor-icon-box-title\">\n\t\t\t\t\t\t<span  >\n\t\t\t\t\t\t\tOntwikkeling van duurzaamheidsprojecten op school\t\t\t\t\t\t<\/span>\n\t\t\t\t\t<\/h3>\n\t\t\t\t\n\t\t\t\t\t\t\t\t\t<p class=\"elementor-icon-box-description\">\n\t\t\t\t\t\t\u00d6\u011frenciler ve personel aras\u0131nda \u00e7evre bilinci, enerji tasarrufu, geri d\u00f6n\u00fc\u015f\u00fcm ve s\u00fcrd\u00fcr\u00fclebilir ya\u015fam tarzlar\u0131n\u0131 te\u015fvik eden projeler tasarlamak i\u00e7in i\u015fbirli\u011fi i\u00e7inde \u00e7al\u0131\u015f\u0131n. Kurs, \u00f6d\u00fcll\u00fc Hollanda okullar\u0131ndan haz\u0131r \u015fablonlar, ara\u00e7lar ve \u00f6rnekler sunmaktad\u0131r.\t\t\t\t\t<\/p>\n\t\t\t\t\n\t\t\t<\/div>\n\t\t\t\n\t\t<\/div>\n\t\t\t\t\t\t<\/div>\n\t\t\t\t\t<\/div>\n\t\t\t\t<\/div>\n\t\t\t\t<\/div>\n\t\t<div class=\"elementor-element elementor-element-1a7e8d7 e-con-full e-flex e-con e-parent\" data-id=\"1a7e8d7\" data-element_type=\"container\" data-e-type=\"container\">\n\t\t<div class=\"elementor-element elementor-element-2de5111 e-flex e-con-boxed e-con e-child\" data-id=\"2de5111\" data-element_type=\"container\" data-e-type=\"container\">\n\t\t\t\t\t<div class=\"e-con-inner\">\n\t\t\t\t<div class=\"elementor-element elementor-element-2d73403 elementor-view-stacked elementor-position-inline-start elementor-shape-circle elementor-mobile-position-block-start elementor-widget elementor-widget-icon-box\" data-id=\"2d73403\" data-element_type=\"widget\" data-e-type=\"widget\" data-widget_type=\"icon-box.default\">\n\t\t\t\t\t\t\t<div class=\"elementor-icon-box-wrapper\">\n\n\t\t\t\t\t\t<div class=\"elementor-icon-box-icon\">\n\t\t\t\t<span  class=\"elementor-icon\">\n\t\t\t\t<svg aria-hidden=\"true\" class=\"e-font-icon-svg e-fas-check\" viewbox=\"0 0 512 512\" xmlns=\"http:\/\/www.w3.org\/2000\/svg\"><path d=\"M173.898 439.404l-166.4-166.4c-9.997-9.997-9.997-26.206 0-36.204l36.203-36.204c9.997-9.998 26.207-9.998 36.204 0L192 312.69 432.095 72.596c9.997-9.997 26.207-9.997 36.204 0l36.203 36.204c9.997 9.997 9.997 26.206 0 36.204l-294.4 294.401c-9.998 9.997-26.207 9.997-36.204-.001z\"><\/path><\/svg>\t\t\t\t<\/span>\n\t\t\t<\/div>\n\t\t\t\n\t\t\t\t\t\t<div class=\"elementor-icon-box-content\">\n\n\t\t\t\t\t\t\t\t\t<h3 class=\"elementor-icon-box-title\">\n\t\t\t\t\t\t<span  >\n\t\t\t\t\t\t\tBevordering van groen burgerschap en mondiale verantwoordelijkheid\t\t\t\t\t\t<\/span>\n\t\t\t\t\t<\/h3>\n\t\t\t\t\n\t\t\t\t\t\t\t\t\t<p class=\"elementor-icon-box-description\">\n\t\t\t\t\t\tStimuleer studenten om actieve burgers te worden die het verband begrijpen tussen lokale acties en mondiale impact. Deelnemers oefenen met projectmatig leren, debatteren en technieken voor maatschappelijke betrokkenheid die leiderschap en verantwoordelijkheid bevorderen.\n\t\t\t\t\t<\/p>\n\t\t\t\t\n\t\t\t<\/div>\n\t\t\t\n\t\t<\/div>\n\t\t\t\t\t\t<\/div>\n\t\t\t\t\t<\/div>\n\t\t\t\t<\/div>\n\t\t<div class=\"elementor-element elementor-element-a160714 e-flex e-con-boxed e-con e-child\" data-id=\"a160714\" data-element_type=\"container\" data-e-type=\"container\">\n\t\t\t\t\t<div class=\"e-con-inner\">\n\t\t\t\t<div class=\"elementor-element elementor-element-11384b3 elementor-view-stacked elementor-position-inline-start elementor-shape-circle elementor-mobile-position-block-start elementor-widget elementor-widget-icon-box\" data-id=\"11384b3\" data-element_type=\"widget\" data-e-type=\"widget\" data-widget_type=\"icon-box.default\">\n\t\t\t\t\t\t\t<div class=\"elementor-icon-box-wrapper\">\n\n\t\t\t\t\t\t<div class=\"elementor-icon-box-icon\">\n\t\t\t\t<span  class=\"elementor-icon\">\n\t\t\t\t<svg aria-hidden=\"true\" class=\"e-font-icon-svg e-fas-check\" viewbox=\"0 0 512 512\" xmlns=\"http:\/\/www.w3.org\/2000\/svg\"><path d=\"M173.898 439.404l-166.4-166.4c-9.997-9.997-9.997-26.206 0-36.204l36.203-36.204c9.997-9.998 26.207-9.998 36.204 0L192 312.69 432.095 72.596c9.997-9.997 26.207-9.997 36.204 0l36.203 36.204c9.997 9.997 9.997 26.206 0 36.204l-294.4 294.401c-9.998 9.997-26.207 9.997-36.204-.001z\"><\/path><\/svg>\t\t\t\t<\/span>\n\t\t\t<\/div>\n\t\t\t\n\t\t\t\t\t\t<div class=\"elementor-icon-box-content\">\n\n\t\t\t\t\t\t\t\t\t<h3 class=\"elementor-icon-box-title\">\n\t\t\t\t\t\t<span  >\n\t\t\t\t\t\t\tErvaringen met Nederlandse best practices op het gebied van duurzaamheid\t\t\t\t\t\t<\/span>\n\t\t\t\t\t<\/h3>\n\t\t\t\t\n\t\t\t\t\t\t\t\t\t<p class=\"elementor-icon-box-description\">\n\t\t\t\t\t\tOntdek tijdens begeleide studiebezoeken hoe Nederlandse gemeenten, scholen en non-profitorganisaties duurzaamheid integreren in architectuur, voedselsystemen en stadsplanning. Leer hoe u deze modellen kunt toepassen in uw eigen context.\n\t\t\t\t\t<\/p>\n\t\t\t\t\n\t\t\t<\/div>\n\t\t\t\n\t\t<\/div>\n\t\t\t\t\t\t<\/div>\n\t\t\t\t\t<\/div>\n\t\t\t\t<\/div>\n\t\t\t\t<\/div>\n\t\t<div class=\"elementor-element elementor-element-3bad05d e-con-full e-flex e-con e-parent\" data-id=\"3bad05d\" data-element_type=\"container\" data-e-type=\"container\">\n\t\t<div class=\"elementor-element elementor-element-0c5cda8 e-flex e-con-boxed e-con e-child\" data-id=\"0c5cda8\" data-element_type=\"container\" data-e-type=\"container\">\n\t\t\t\t\t<div class=\"e-con-inner\">\n\t\t\t\t<div class=\"elementor-element elementor-element-bf93ed1 elementor-view-stacked elementor-position-inline-start elementor-shape-circle elementor-mobile-position-block-start elementor-widget elementor-widget-icon-box\" data-id=\"bf93ed1\" data-element_type=\"widget\" data-e-type=\"widget\" data-widget_type=\"icon-box.default\">\n\t\t\t\t\t\t\t<div class=\"elementor-icon-box-wrapper\">\n\n\t\t\t\t\t\t<div class=\"elementor-icon-box-icon\">\n\t\t\t\t<span  class=\"elementor-icon\">\n\t\t\t\t<svg aria-hidden=\"true\" class=\"e-font-icon-svg e-fas-check\" viewbox=\"0 0 512 512\" xmlns=\"http:\/\/www.w3.org\/2000\/svg\"><path d=\"M173.898 439.404l-166.4-166.4c-9.997-9.997-9.997-26.206 0-36.204l36.203-36.204c9.997-9.998 26.207-9.998 36.204 0L192 312.69 432.095 72.596c9.997-9.997 26.207-9.997 36.204 0l36.203 36.204c9.997 9.997 9.997 26.206 0 36.204l-294.4 294.401c-9.998 9.997-26.207 9.997-36.204-.001z\"><\/path><\/svg>\t\t\t\t<\/span>\n\t\t\t<\/div>\n\t\t\t\n\t\t\t\t\t\t<div class=\"elementor-icon-box-content\">\n\n\t\t\t\t\t\t\t\t\t<h3 class=\"elementor-icon-box-title\">\n\t\t\t\t\t\t<span  >\n\t\t\t\t\t\t\tEen groen netwerk opbouwen voor toekomstige Erasmus+-projecten\t\t\t\t\t\t<\/span>\n\t\t\t\t\t<\/h3>\n\t\t\t\t\n\t\t\t\t\t\t\t\t\t<p class=\"elementor-icon-box-description\">\n\t\t\t\t\t\tLeg contact met docenten uit heel Europa om idee\u00ebn uit te wisselen en gezamenlijke voorstellen voor toekomstige Erasmus+ Green Partnerships (KA210 \/ KA220) voor te bereiden. Cre\u00eber langdurige samenwerkingsverbanden die klimaatonderwijs, groen reizen en duurzame schooluitwisselingen ondersteunen.\n\t\t\t\t\t<\/p>\n\t\t\t\t\n\t\t\t<\/div>\n\t\t\t\n\t\t<\/div>\n\t\t\t\t\t\t<\/div>\n\t\t\t\t\t<\/div>\n\t\t\t\t<\/div>\n\t\t<div class=\"elementor-element elementor-element-dad6c0d e-flex e-con-boxed e-con e-child\" data-id=\"dad6c0d\" data-element_type=\"container\" data-e-type=\"container\">\n\t\t\t\t\t<div class=\"e-con-inner\">\n\t\t\t\t\t<\/div>\n\t\t\t\t<\/div>\n\t\t\t\t<\/div>\n\t\t<div class=\"elementor-element elementor-element-7d6e567 e-flex e-con-boxed e-con e-parent\" data-id=\"7d6e567\" data-element_type=\"container\" data-e-type=\"container\" data-settings=\"{&quot;background_background&quot;:&quot;classic&quot;}\">\n\t\t\t\t\t<div class=\"e-con-inner\">\n\t\t<div class=\"elementor-element elementor-element-68c7703 e-con-full e-flex e-con e-child\" data-id=\"68c7703\" data-element_type=\"container\" data-e-type=\"container\">\n\t\t\t\t<div class=\"elementor-element elementor-element-47b23ea elementor-widget elementor-widget-image\" data-id=\"47b23ea\" data-element_type=\"widget\" data-e-type=\"widget\" data-widget_type=\"image.default\">\n\t\t\t\t\t\t\t\t\t\t\t\t\t\t\t<img fetchpriority=\"high\" decoding=\"async\" width=\"1080\" height=\"1080\" src=\"https:\/\/eurotogether.com\/wp-content\/uploads\/2025\/11\/941890-1.webp\" class=\"attachment-full size-full wp-image-4123\" alt=\"\" srcset=\"https:\/\/eurotogether.com\/wp-content\/uploads\/2025\/11\/941890-1.webp 1080w, https:\/\/eurotogether.com\/wp-content\/uploads\/2025\/11\/941890-1-300x300.webp 300w, https:\/\/eurotogether.com\/wp-content\/uploads\/2025\/11\/941890-1-1024x1024.webp 1024w, https:\/\/eurotogether.com\/wp-content\/uploads\/2025\/11\/941890-1-150x150.webp 150w, https:\/\/eurotogether.com\/wp-content\/uploads\/2025\/11\/941890-1-768x768.webp 768w, https:\/\/eurotogether.com\/wp-content\/uploads\/2025\/11\/941890-1-70x70.webp 70w, https:\/\/eurotogether.com\/wp-content\/uploads\/2025\/11\/941890-1-370x370.webp 370w, https:\/\/eurotogether.com\/wp-content\/uploads\/2025\/11\/941890-1-140x140.webp 140w, https:\/\/eurotogether.com\/wp-content\/uploads\/2025\/11\/941890-1-90x90.webp 90w, https:\/\/eurotogether.com\/wp-content\/uploads\/2025\/11\/941890-1-170x170.webp 170w, https:\/\/eurotogether.com\/wp-content\/uploads\/2025\/11\/941890-1-348x348.webp 348w, https:\/\/eurotogether.com\/wp-content\/uploads\/2025\/11\/941890-1-100x100.webp 100w, https:\/\/eurotogether.com\/wp-content\/uploads\/2025\/11\/941890-1-600x600.webp 600w\" sizes=\"(max-width: 1080px) 100vw, 1080px\" \/>\t\t\t\t\t\t\t\t\t\t\t\t\t\t\t<\/div>\n\t\t\t\t<\/div>\n\t\t<div class=\"elementor-element elementor-element-a433e71 e-con-full e-flex e-con e-child\" data-id=\"a433e71\" data-element_type=\"container\" data-e-type=\"container\">\n\t\t\t\t<div class=\"elementor-element elementor-element-d030ee6 elementor-widget elementor-widget-heading\" data-id=\"d030ee6\" data-element_type=\"widget\" data-e-type=\"widget\" data-widget_type=\"heading.default\">\n\t\t\t\t\t<h2 class=\"elementor-heading-title elementor-size-default\">Verwachte leerresultaten\n<\/h2>\t\t\t\t<\/div>\n\t\t\t\t<div class=\"elementor-element elementor-element-b03e878 elementor-widget elementor-widget-text-editor\" data-id=\"b03e878\" data-element_type=\"widget\" data-e-type=\"widget\" data-widget_type=\"text-editor.default\">\n\t\t\t\t\t\t\t\t\t<p>Na afloop van deze training zullen deelnemers:<\/p>\t\t\t\t\t\t\t\t<\/div>\n\t\t\t\t<div class=\"elementor-element elementor-element-05c04ac elementor-view-stacked elementor-position-inline-start elementor-shape-circle elementor-mobile-position-block-start elementor-widget elementor-widget-icon-box\" data-id=\"05c04ac\" data-element_type=\"widget\" data-e-type=\"widget\" data-widget_type=\"icon-box.default\">\n\t\t\t\t\t\t\t<div class=\"elementor-icon-box-wrapper\">\n\n\t\t\t\t\t\t<div class=\"elementor-icon-box-icon\">\n\t\t\t\t<span  class=\"elementor-icon\">\n\t\t\t\t<svg aria-hidden=\"true\" class=\"e-font-icon-svg e-fas-check\" viewbox=\"0 0 512 512\" xmlns=\"http:\/\/www.w3.org\/2000\/svg\"><path d=\"M173.898 439.404l-166.4-166.4c-9.997-9.997-9.997-26.206 0-36.204l36.203-36.204c9.997-9.998 26.207-9.998 36.204 0L192 312.69 432.095 72.596c9.997-9.997 26.207-9.997 36.204 0l36.203 36.204c9.997 9.997 9.997 26.206 0 36.204l-294.4 294.401c-9.998 9.997-26.207 9.997-36.204-.001z\"><\/path><\/svg>\t\t\t\t<\/span>\n\t\t\t<\/div>\n\t\t\t\n\t\t\t\t\t\t<div class=\"elementor-icon-box-content\">\n\n\t\t\t\t\t\t\t\t\t<h3 class=\"elementor-icon-box-title\">\n\t\t\t\t\t\t<span  >\n\t\t\t\t\t\t\tIn staat zijn om duurzaamheidsstrategie\u00ebn op schoolniveau te ontwerpen en te implementeren.\t\t\t\t\t\t<\/span>\n\t\t\t\t\t<\/h3>\n\t\t\t\t\n\t\t\t\t\n\t\t\t<\/div>\n\t\t\t\n\t\t<\/div>\n\t\t\t\t\t\t<\/div>\n\t\t\t\t<div class=\"elementor-element elementor-element-9dea965 elementor-view-stacked elementor-position-inline-start elementor-shape-circle elementor-mobile-position-block-start elementor-widget elementor-widget-icon-box\" data-id=\"9dea965\" data-element_type=\"widget\" data-e-type=\"widget\" data-widget_type=\"icon-box.default\">\n\t\t\t\t\t\t\t<div class=\"elementor-icon-box-wrapper\">\n\n\t\t\t\t\t\t<div class=\"elementor-icon-box-icon\">\n\t\t\t\t<span  class=\"elementor-icon\">\n\t\t\t\t<svg aria-hidden=\"true\" class=\"e-font-icon-svg e-fas-check\" viewbox=\"0 0 512 512\" xmlns=\"http:\/\/www.w3.org\/2000\/svg\"><path d=\"M173.898 439.404l-166.4-166.4c-9.997-9.997-9.997-26.206 0-36.204l36.203-36.204c9.997-9.998 26.207-9.998 36.204 0L192 312.69 432.095 72.596c9.997-9.997 26.207-9.997 36.204 0l36.203 36.204c9.997 9.997 9.997 26.206 0 36.204l-294.4 294.401c-9.998 9.997-26.207 9.997-36.204-.001z\"><\/path><\/svg>\t\t\t\t<\/span>\n\t\t\t<\/div>\n\t\t\t\n\t\t\t\t\t\t<div class=\"elementor-icon-box-content\">\n\n\t\t\t\t\t\t\t\t\t<h3 class=\"elementor-icon-box-title\">\n\t\t\t\t\t\t<span  >\n\t\t\t\t\t\t\tIntegreer milieubewustzijn in het vakonderwijs en de schoolcultuur.\t\t\t\t\t\t<\/span>\n\t\t\t\t\t<\/h3>\n\t\t\t\t\n\t\t\t\t\n\t\t\t<\/div>\n\t\t\t\n\t\t<\/div>\n\t\t\t\t\t\t<\/div>\n\t\t\t\t<div class=\"elementor-element elementor-element-e818fae elementor-view-stacked elementor-position-inline-start elementor-shape-circle elementor-mobile-position-block-start elementor-widget elementor-widget-icon-box\" data-id=\"e818fae\" data-element_type=\"widget\" data-e-type=\"widget\" data-widget_type=\"icon-box.default\">\n\t\t\t\t\t\t\t<div class=\"elementor-icon-box-wrapper\">\n\n\t\t\t\t\t\t<div class=\"elementor-icon-box-icon\">\n\t\t\t\t<span  class=\"elementor-icon\">\n\t\t\t\t<svg aria-hidden=\"true\" class=\"e-font-icon-svg e-fas-check\" viewbox=\"0 0 512 512\" xmlns=\"http:\/\/www.w3.org\/2000\/svg\"><path d=\"M173.898 439.404l-166.4-166.4c-9.997-9.997-9.997-26.206 0-36.204l36.203-36.204c9.997-9.998 26.207-9.998 36.204 0L192 312.69 432.095 72.596c9.997-9.997 26.207-9.997 36.204 0l36.203 36.204c9.997 9.997 9.997 26.206 0 36.204l-294.4 294.401c-9.998 9.997-26.207 9.997-36.204-.001z\"><\/path><\/svg>\t\t\t\t<\/span>\n\t\t\t<\/div>\n\t\t\t\n\t\t\t\t\t\t<div class=\"elementor-icon-box-content\">\n\n\t\t\t\t\t\t\t\t\t<h3 class=\"elementor-icon-box-title\">\n\t\t\t\t\t\t<span  >\n\t\t\t\t\t\t\tVerkrijg middelen om studenten te betrekken bij praktische groene projecten.\t\t\t\t\t\t<\/span>\n\t\t\t\t\t<\/h3>\n\t\t\t\t\n\t\t\t\t\n\t\t\t<\/div>\n\t\t\t\n\t\t<\/div>\n\t\t\t\t\t\t<\/div>\n\t\t\t\t<div class=\"elementor-element elementor-element-5c75be5 elementor-view-stacked elementor-position-inline-start elementor-shape-circle elementor-mobile-position-block-start elementor-widget elementor-widget-icon-box\" data-id=\"5c75be5\" data-element_type=\"widget\" data-e-type=\"widget\" data-widget_type=\"icon-box.default\">\n\t\t\t\t\t\t\t<div class=\"elementor-icon-box-wrapper\">\n\n\t\t\t\t\t\t<div class=\"elementor-icon-box-icon\">\n\t\t\t\t<span  class=\"elementor-icon\">\n\t\t\t\t<svg aria-hidden=\"true\" class=\"e-font-icon-svg e-fas-check\" viewbox=\"0 0 512 512\" xmlns=\"http:\/\/www.w3.org\/2000\/svg\"><path d=\"M173.898 439.404l-166.4-166.4c-9.997-9.997-9.997-26.206 0-36.204l36.203-36.204c9.997-9.998 26.207-9.998 36.204 0L192 312.69 432.095 72.596c9.997-9.997 26.207-9.997 36.204 0l36.203 36.204c9.997 9.997 9.997 26.206 0 36.204l-294.4 294.401c-9.998 9.997-26.207 9.997-36.204-.001z\"><\/path><\/svg>\t\t\t\t<\/span>\n\t\t\t<\/div>\n\t\t\t\n\t\t\t\t\t\t<div class=\"elementor-icon-box-content\">\n\n\t\t\t\t\t\t\t\t\t<h3 class=\"elementor-icon-box-title\">\n\t\t\t\t\t\t<span  >\n\t\t\t\t\t\t\tBouw internationale partnerschappen op die aansluiten bij Erasmus+ en de Green Deal van de EU.\t\t\t\t\t\t<\/span>\n\t\t\t\t\t<\/h3>\n\t\t\t\t\n\t\t\t\t\n\t\t\t<\/div>\n\t\t\t\n\t\t<\/div>\n\t\t\t\t\t\t<\/div>\n\t\t\t\t<\/div>\n\t\t\t\t\t<\/div>\n\t\t\t\t<\/div>\n\t\t\t\t<\/div>","protected":false},"excerpt":{"rendered":"<p>Education for Sustainability and Climate Awareness Category: Green Erasmus+ Duration: 5 to 7 days Place: Haarlem | The Netherlands Course Description: This Erasmus+ course is designed for teachers, school leaders, and education professionals who wish to embed sustainability and climate awareness into their school culture and teaching practice. Through a combination of workshops, field visits, [&hellip;]<\/p>\n","protected":false},"author":2,"featured_media":0,"parent":0,"menu_order":0,"comment_status":"closed","ping_status":"closed","template":"","meta":{"footnotes":""},"class_list":["post-4086","page","type-page","status-publish","hentry"],"_hostinger_reach_plugin_has_subscription_block":false,"_hostinger_reach_plugin_is_elementor":false,"_links":{"self":[{"href":"https:\/\/eurotogether.com\/nl\/wp-json\/wp\/v2\/pages\/4086","targetHints":{"allow":["GET"]}}],"collection":[{"href":"https:\/\/eurotogether.com\/nl\/wp-json\/wp\/v2\/pages"}],"about":[{"href":"https:\/\/eurotogether.com\/nl\/wp-json\/wp\/v2\/types\/page"}],"author":[{"embeddable":true,"href":"https:\/\/eurotogether.com\/nl\/wp-json\/wp\/v2\/users\/2"}],"replies":[{"embeddable":true,"href":"https:\/\/eurotogether.com\/nl\/wp-json\/wp\/v2\/comments?post=4086"}],"version-history":[{"count":28,"href":"https:\/\/eurotogether.com\/nl\/wp-json\/wp\/v2\/pages\/4086\/revisions"}],"predecessor-version":[{"id":4126,"href":"https:\/\/eurotogether.com\/nl\/wp-json\/wp\/v2\/pages\/4086\/revisions\/4126"}],"wp:attachment":[{"href":"https:\/\/eurotogether.com\/nl\/wp-json\/wp\/v2\/media?parent=4086"}],"curies":[{"name":"wp","href":"https:\/\/api.w.org\/{rel}","templated":true}]}}